{"id":10,"date":"2023-02-18T12:05:43","date_gmt":"2023-02-18T12:05:43","guid":{"rendered":"https:\/\/www.boyabatozgurvinc.com\/?page_id=10"},"modified":"2023-09-09T08:31:36","modified_gmt":"2023-09-09T08:31:36","slug":"hakkimizda","status":"publish","type":"page","link":"https:\/\/www.boyabatozgurvinc.com\/index.php\/hakkimizda\/","title":{"rendered":"Hakk\u0131m\u0131zda"},"content":{"rendered":"\n<p>Boyabat \u00f6zg\u00fcr vin\u00e7 Boyabat merkezli olan firmam\u0131z\u00a0<strong>Sinop, Boyabat, Kastamonu, Gerze, Sarayd\u00fcz\u00fc, Dura\u011fan, Han\u00f6n\u00fc, Ta\u015fk\u00f6pr\u00fc\u00a0<\/strong>gibi<\/p>\n\n\n\n<p>\u00e7evre illere hizmet veren sekt\u00f6r\u00fcn en k\u00f6kl\u00fc firmalar\u0131ndan biridir.<\/p>\n\n\n\n<p>M\u00fc\u015fteri memnuniyeti esas\u0131yla faaliyet g\u00f6steren firmam\u0131z rakipsiz \u00e7\u00f6z\u00fcm \u00f6nerileri ve<\/p>\n\n\n\n<p>uygun fiyat garantisi ile siz de\u011ferli m\u00fc\u015fterilerimizin her zaman yan\u0131nda.<\/p>\n\n\n\n<p>D\u00fcr\u00fcst ve g\u00fcvenilir hizmet vermek bizim i\u00e7in \u00f6nemlidir.&nbsp;<\/p>\n\n\n\n<div style=\"height:100px\" aria-hidden=\"true\" class=\"wp-block-spacer\"><\/div>\n\n\n\n<div class=\"wp-block-columns alignwide is-layout-flex wp-container-core-columns-is-layout-28f84493 wp-block-columns-is-layout-flex\">\n<div class=\"wp-block-column is-layout-flow wp-block-column-is-layout-flow\">\n<figure class=\"wp-block-image size-full is-resized\"><img loading=\"lazy\" decoding=\"async\" src=\"https:\/\/www.boyabatozgurvinc.com\/wp-content\/uploads\/2023\/02\/BOYABAT-VINC-RESIM-1.jpg\" alt=\"\" class=\"wp-image-49\" style=\"width:306px;height:191px\" width=\"306\" height=\"191\" srcset=\"https:\/\/www.boyabatozgurvinc.com\/wp-content\/uploads\/2023\/02\/BOYABAT-VINC-RESIM-1.jpg 800w, https:\/\/www.boyabatozgurvinc.com\/wp-content\/uploads\/2023\/02\/BOYABAT-VINC-RESIM-1-300x188.jpg 300w, https:\/\/www.boyabatozgurvinc.com\/wp-content\/uploads\/2023\/02\/BOYABAT-VINC-RESIM-1-768x480.jpg 768w\" sizes=\"auto, (max-width: 306px) 100vw, 306px\" \/><\/figure>\n\n\n\n<p class=\"has-black-color has-text-color has-medium-font-size\">Ekip<\/p>\n\n\n\n<p class=\"has-text-color\" style=\"color:#7a7a7a\">Firmam\u0131z\u0131n temel prensiplerinden birisi, kadromuzun kalite standartlar\u0131nda e\u011fitilerek m\u00fc\u015fteri memnuniyetini en \u00fcst d\u00fczeyde tutmakt\u0131r<font style=\"vertical-align: inherit;\"><font style=\"vertical-align: inherit;\">.<\/font><\/font><\/p>\n<\/div>\n\n\n\n<div class=\"wp-block-column is-layout-flow wp-block-column-is-layout-flow\">\n<figure class=\"wp-block-image size-full\"><img loading=\"lazy\" decoding=\"async\" width=\"440\" height=\"296\" src=\"https:\/\/www.boyabatozgurvinc.com\/wp-content\/uploads\/2023\/02\/kont-vinc.jpg\" alt=\"\" class=\"wp-image-51\" srcset=\"https:\/\/www.boyabatozgurvinc.com\/wp-content\/uploads\/2023\/02\/kont-vinc.jpg 440w, https:\/\/www.boyabatozgurvinc.com\/wp-content\/uploads\/2023\/02\/kont-vinc-300x202.jpg 300w\" sizes=\"auto, (max-width: 440px) 100vw, 440px\" \/><\/figure>\n\n\n\n<p class=\"has-black-color has-text-color has-medium-font-size\"><a href=\"#\">Felsefemiz<\/a><\/p>\n\n\n\n<p>Vin\u00e7 te g\u00fcvenilir adres , uzman pazarlama ilkesiyle \u00e7al\u0131\u015fmalar\u0131na devam edecektir.<\/p>\n<\/div>\n\n\n\n<div class=\"wp-block-column is-layout-flow wp-block-column-is-layout-flow\">\n<figure class=\"wp-block-image size-full is-resized\"><img loading=\"lazy\" decoding=\"async\" src=\"https:\/\/www.boyabatozgurvinc.com\/wp-content\/uploads\/2023\/02\/vinc-kiralama-kamyonlu-vinc.jpg\" alt=\"\" class=\"wp-image-52\" style=\"width:253px;height:189px\" width=\"253\" height=\"189\" srcset=\"https:\/\/www.boyabatozgurvinc.com\/wp-content\/uploads\/2023\/02\/vinc-kiralama-kamyonlu-vinc.jpg 720w, https:\/\/www.boyabatozgurvinc.com\/wp-content\/uploads\/2023\/02\/vinc-kiralama-kamyonlu-vinc-300x225.jpg 300w\" sizes=\"auto, (max-width: 253px) 100vw, 253px\" \/><\/figure>\n\n\n\n<p class=\"has-black-color has-text-color has-medium-font-size\"><a href=\"#\">Hizmetlerimiz<\/a><\/p>\n\n\n\n<p>Sinop, Boyabat, Gerze, Sarayd\u00fcz\u00fc, Dura\u011fan, Han\u00f6n\u00fc, Ta\u015fk\u00f6pr\u00fc&nbsp;gibi \u00e7evre illerede hizmet&nbsp;vermekteyiz.<\/p>\n<\/div>\n<\/div>\n","protected":false},"excerpt":{"rendered":"<p>Boyabat \u00f6zg\u00fcr vin\u00e7 Boyabat merkezli olan firmam\u0131z\u00a0Sinop, Boyabat, Kastamonu, Gerze, Sarayd\u00fcz\u00fc, Dura\u011fan, Han\u00f6n\u00fc, Ta\u015fk\u00f6pr\u00fc\u00a0gibi \u00e7evre illere hizmet veren sekt\u00f6r\u00fcn en k\u00f6kl\u00fc firmalar\u0131ndan biridir. M\u00fc\u015fteri memnuniyeti esas\u0131yla faaliyet g\u00f6steren firmam\u0131z rakipsiz \u00e7\u00f6z\u00fcm \u00f6nerileri ve uygun fiyat garantisi ile siz de\u011ferli m\u00fc\u015fterilerimizin her zaman yan\u0131nda. D\u00fcr\u00fcst ve g\u00fcvenilir hizmet vermek bizim i\u00e7in \u00f6nemlidir.&nbsp; Ekip Firmam\u0131z\u0131n temel prensiplerinden &hellip; <\/p>\n<p class=\"link-more\"><a href=\"https:\/\/www.boyabatozgurvinc.com\/index.php\/hakkimizda\/\" class=\"more-link\">Read more<span class=\"screen-reader-text\"> &#8220;Hakk\u0131m\u0131zda&#8221;<\/span><\/a><\/p>\n","protected":false},"author":1,"featured_media":23,"parent":0,"menu_order":0,"comment_status":"closed","ping_status":"closed","template":"","meta":{"om_disable_all_campaigns":false,"_monsterinsights_skip_tracking":false,"_monsterinsights_sitenote_active":false,"_monsterinsights_sitenote_note":"","_monsterinsights_sitenote_category":0,"_uf_show_specific_survey":0,"_uf_disable_surveys":false,"footnotes":""},"class_list":["post-10","page","type-page","status-publish","has-post-thumbnail","hentry"],"aioseo_notices":[],"yoast_head":"<!-- This site is optimized with the Yoast SEO plugin v23.6 - https:\/\/yoast.com\/wordpress\/plugins\/seo\/ -->\n<title>Hakk\u0131m\u0131zda - \u00d6zg\u00fcr Vin\u00e7<\/title>\n<meta name=\"description\" content=\"Boyabat vin\u00e7,Sinop vin\u00e7,Dura\u011fan vin\u00e7,Han\u00f6n\u00fc vin\u00e7,Sarayd\u00fcz\u00fc Vin\u00e7,Gerze vin\u00e7,Ta\u015fk\u00f6pr\u00fc vin\u00e7,Kiral\u0131k vin\u00e7 ,Vin\u00e7 kiralama,sinop,boyabat\" \/>\n<meta name=\"robots\" content=\"index, follow, max-snippet:-1, max-image-preview:large, max-video-preview:-1\" \/>\n<link rel=\"canonical\" href=\"https:\/\/www.boyabatozgurvinc.com\/index.php\/hakkimizda\/\" \/>\n<meta property=\"og:locale\" content=\"en_US\" \/>\n<meta property=\"og:type\" content=\"article\" \/>\n<meta property=\"og:title\" content=\"Hakk\u0131m\u0131zda - \u00d6zg\u00fcr Vin\u00e7\" \/>\n<meta property=\"og:description\" content=\"Boyabat vin\u00e7,Sinop vin\u00e7,Dura\u011fan vin\u00e7,Han\u00f6n\u00fc vin\u00e7,Sarayd\u00fcz\u00fc Vin\u00e7,Gerze vin\u00e7,Ta\u015fk\u00f6pr\u00fc vin\u00e7,Kiral\u0131k vin\u00e7 ,Vin\u00e7 kiralama,sinop,boyabat\" \/>\n<meta property=\"og:url\" content=\"https:\/\/www.boyabatozgurvinc.com\/index.php\/hakkimizda\/\" \/>\n<meta property=\"og:site_name\" content=\"\u00d6zg\u00fcr Vin\u00e7\" \/>\n<meta property=\"article:modified_time\" content=\"2023-09-09T08:31:36+00:00\" \/>\n<meta property=\"og:image\" content=\"http:\/\/www.boyabatozgurvinc.com\/wp-content\/uploads\/2023\/02\/cropped-BOYABAT-VINC-RESIM.jpg\" \/>\n\t<meta property=\"og:image:width\" content=\"2000\" \/>\n\t<meta property=\"og:image:height\" content=\"1200\" \/>\n\t<meta property=\"og:image:type\" content=\"image\/jpeg\" \/>\n<meta name=\"twitter:card\" content=\"summary_large_image\" \/>\n<meta name=\"twitter:label1\" content=\"Est. reading time\" \/>\n\t<meta name=\"twitter:data1\" content=\"2 minutes\" \/>\n<script type=\"application\/ld+json\" class=\"yoast-schema-graph\">{\"@context\":\"https:\/\/schema.org\",\"@graph\":[{\"@type\":\"WebPage\",\"@id\":\"https:\/\/www.boyabatozgurvinc.com\/index.php\/hakkimizda\/\",\"url\":\"https:\/\/www.boyabatozgurvinc.com\/index.php\/hakkimizda\/\",\"name\":\"Hakk\u0131m\u0131zda - \u00d6zg\u00fcr Vin\u00e7\",\"isPartOf\":{\"@id\":\"https:\/\/www.boyabatozgurvinc.com\/#website\"},\"primaryImageOfPage\":{\"@id\":\"https:\/\/www.boyabatozgurvinc.com\/index.php\/hakkimizda\/#primaryimage\"},\"image\":{\"@id\":\"https:\/\/www.boyabatozgurvinc.com\/index.php\/hakkimizda\/#primaryimage\"},\"thumbnailUrl\":\"https:\/\/www.boyabatozgurvinc.com\/wp-content\/uploads\/2023\/02\/cropped-BOYABAT-VINC-RESIM.jpg\",\"datePublished\":\"2023-02-18T12:05:43+00:00\",\"dateModified\":\"2023-09-09T08:31:36+00:00\",\"description\":\"Boyabat vin\u00e7,Sinop vin\u00e7,Dura\u011fan vin\u00e7,Han\u00f6n\u00fc vin\u00e7,Sarayd\u00fcz\u00fc Vin\u00e7,Gerze vin\u00e7,Ta\u015fk\u00f6pr\u00fc vin\u00e7,Kiral\u0131k vin\u00e7 ,Vin\u00e7 kiralama,sinop,boyabat\",\"breadcrumb\":{\"@id\":\"https:\/\/www.boyabatozgurvinc.com\/index.php\/hakkimizda\/#breadcrumb\"},\"inLanguage\":\"en-US\",\"potentialAction\":[{\"@type\":\"ReadAction\",\"target\":[\"https:\/\/www.boyabatozgurvinc.com\/index.php\/hakkimizda\/\"]}]},{\"@type\":\"ImageObject\",\"inLanguage\":\"en-US\",\"@id\":\"https:\/\/www.boyabatozgurvinc.com\/index.php\/hakkimizda\/#primaryimage\",\"url\":\"https:\/\/www.boyabatozgurvinc.com\/wp-content\/uploads\/2023\/02\/cropped-BOYABAT-VINC-RESIM.jpg\",\"contentUrl\":\"https:\/\/www.boyabatozgurvinc.com\/wp-content\/uploads\/2023\/02\/cropped-BOYABAT-VINC-RESIM.jpg\",\"width\":2000,\"height\":1200},{\"@type\":\"BreadcrumbList\",\"@id\":\"https:\/\/www.boyabatozgurvinc.com\/index.php\/hakkimizda\/#breadcrumb\",\"itemListElement\":[{\"@type\":\"ListItem\",\"position\":1,\"name\":\"Home\",\"item\":\"https:\/\/www.boyabatozgurvinc.com\/\"},{\"@type\":\"ListItem\",\"position\":2,\"name\":\"Hakk\u0131m\u0131zda\"}]},{\"@type\":\"WebSite\",\"@id\":\"https:\/\/www.boyabatozgurvinc.com\/#website\",\"url\":\"https:\/\/www.boyabatozgurvinc.com\/\",\"name\":\"\u00d6zg\u00fcr Vin\u00e7\",\"description\":\"Boyabat vin\u00e7\",\"potentialAction\":[{\"@type\":\"SearchAction\",\"target\":{\"@type\":\"EntryPoint\",\"urlTemplate\":\"https:\/\/www.boyabatozgurvinc.com\/?s={search_term_string}\"},\"query-input\":{\"@type\":\"PropertyValueSpecification\",\"valueRequired\":true,\"valueName\":\"search_term_string\"}}],\"inLanguage\":\"en-US\"}]}<\/script>\n<!-- \/ Yoast SEO plugin. -->","yoast_head_json":{"title":"Hakk\u0131m\u0131zda - \u00d6zg\u00fcr Vin\u00e7","description":"Boyabat vin\u00e7,Sinop vin\u00e7,Dura\u011fan vin\u00e7,Han\u00f6n\u00fc vin\u00e7,Sarayd\u00fcz\u00fc Vin\u00e7,Gerze vin\u00e7,Ta\u015fk\u00f6pr\u00fc vin\u00e7,Kiral\u0131k vin\u00e7 ,Vin\u00e7 kiralama,sinop,boyabat","robots":{"index":"index","follow":"follow","max-snippet":"max-snippet:-1","max-image-preview":"max-image-preview:large","max-video-preview":"max-video-preview:-1"},"canonical":"https:\/\/www.boyabatozgurvinc.com\/index.php\/hakkimizda\/","og_locale":"en_US","og_type":"article","og_title":"Hakk\u0131m\u0131zda - \u00d6zg\u00fcr Vin\u00e7","og_description":"Boyabat vin\u00e7,Sinop vin\u00e7,Dura\u011fan vin\u00e7,Han\u00f6n\u00fc vin\u00e7,Sarayd\u00fcz\u00fc Vin\u00e7,Gerze vin\u00e7,Ta\u015fk\u00f6pr\u00fc vin\u00e7,Kiral\u0131k vin\u00e7 ,Vin\u00e7 kiralama,sinop,boyabat","og_url":"https:\/\/www.boyabatozgurvinc.com\/index.php\/hakkimizda\/","og_site_name":"\u00d6zg\u00fcr Vin\u00e7","article_modified_time":"2023-09-09T08:31:36+00:00","og_image":[{"width":2000,"height":1200,"url":"http:\/\/www.boyabatozgurvinc.com\/wp-content\/uploads\/2023\/02\/cropped-BOYABAT-VINC-RESIM.jpg","type":"image\/jpeg"}],"twitter_card":"summary_large_image","twitter_misc":{"Est. reading time":"2 minutes"},"schema":{"@context":"https:\/\/schema.org","@graph":[{"@type":"WebPage","@id":"https:\/\/www.boyabatozgurvinc.com\/index.php\/hakkimizda\/","url":"https:\/\/www.boyabatozgurvinc.com\/index.php\/hakkimizda\/","name":"Hakk\u0131m\u0131zda - \u00d6zg\u00fcr Vin\u00e7","isPartOf":{"@id":"https:\/\/www.boyabatozgurvinc.com\/#website"},"primaryImageOfPage":{"@id":"https:\/\/www.boyabatozgurvinc.com\/index.php\/hakkimizda\/#primaryimage"},"image":{"@id":"https:\/\/www.boyabatozgurvinc.com\/index.php\/hakkimizda\/#primaryimage"},"thumbnailUrl":"https:\/\/www.boyabatozgurvinc.com\/wp-content\/uploads\/2023\/02\/cropped-BOYABAT-VINC-RESIM.jpg","datePublished":"2023-02-18T12:05:43+00:00","dateModified":"2023-09-09T08:31:36+00:00","description":"Boyabat vin\u00e7,Sinop vin\u00e7,Dura\u011fan vin\u00e7,Han\u00f6n\u00fc vin\u00e7,Sarayd\u00fcz\u00fc Vin\u00e7,Gerze vin\u00e7,Ta\u015fk\u00f6pr\u00fc vin\u00e7,Kiral\u0131k vin\u00e7 ,Vin\u00e7 kiralama,sinop,boyabat","breadcrumb":{"@id":"https:\/\/www.boyabatozgurvinc.com\/index.php\/hakkimizda\/#breadcrumb"},"inLanguage":"en-US","potentialAction":[{"@type":"ReadAction","target":["https:\/\/www.boyabatozgurvinc.com\/index.php\/hakkimizda\/"]}]},{"@type":"ImageObject","inLanguage":"en-US","@id":"https:\/\/www.boyabatozgurvinc.com\/index.php\/hakkimizda\/#primaryimage","url":"https:\/\/www.boyabatozgurvinc.com\/wp-content\/uploads\/2023\/02\/cropped-BOYABAT-VINC-RESIM.jpg","contentUrl":"https:\/\/www.boyabatozgurvinc.com\/wp-content\/uploads\/2023\/02\/cropped-BOYABAT-VINC-RESIM.jpg","width":2000,"height":1200},{"@type":"BreadcrumbList","@id":"https:\/\/www.boyabatozgurvinc.com\/index.php\/hakkimizda\/#breadcrumb","itemListElement":[{"@type":"ListItem","position":1,"name":"Home","item":"https:\/\/www.boyabatozgurvinc.com\/"},{"@type":"ListItem","position":2,"name":"Hakk\u0131m\u0131zda"}]},{"@type":"WebSite","@id":"https:\/\/www.boyabatozgurvinc.com\/#website","url":"https:\/\/www.boyabatozgurvinc.com\/","name":"\u00d6zg\u00fcr Vin\u00e7","description":"Boyabat vin\u00e7","potentialAction":[{"@type":"SearchAction","target":{"@type":"EntryPoint","urlTemplate":"https:\/\/www.boyabatozgurvinc.com\/?s={search_term_string}"},"query-input":{"@type":"PropertyValueSpecification","valueRequired":true,"valueName":"search_term_string"}}],"inLanguage":"en-US"}]}},"_links":{"self":[{"href":"https:\/\/www.boyabatozgurvinc.com\/index.php\/wp-json\/wp\/v2\/pages\/10","targetHints":{"allow":["GET"]}}],"collection":[{"href":"https:\/\/www.boyabatozgurvinc.com\/index.php\/wp-json\/wp\/v2\/pages"}],"about":[{"href":"https:\/\/www.boyabatozgurvinc.com\/index.php\/wp-json\/wp\/v2\/types\/page"}],"author":[{"embeddable":true,"href":"https:\/\/www.boyabatozgurvinc.com\/index.php\/wp-json\/wp\/v2\/users\/1"}],"replies":[{"embeddable":true,"href":"https:\/\/www.boyabatozgurvinc.com\/index.php\/wp-json\/wp\/v2\/comments?post=10"}],"version-history":[{"count":5,"href":"https:\/\/www.boyabatozgurvinc.com\/index.php\/wp-json\/wp\/v2\/pages\/10\/revisions"}],"predecessor-version":[{"id":86,"href":"https:\/\/www.boyabatozgurvinc.com\/index.php\/wp-json\/wp\/v2\/pages\/10\/revisions\/86"}],"wp:featuredmedia":[{"embeddable":true,"href":"https:\/\/www.boyabatozgurvinc.com\/index.php\/wp-json\/wp\/v2\/media\/23"}],"wp:attachment":[{"href":"https:\/\/www.boyabatozgurvinc.com\/index.php\/wp-json\/wp\/v2\/media?parent=10"}],"curies":[{"name":"wp","href":"https:\/\/api.w.org\/{rel}","templated":true}]}}